{"id":98,"date":"2019-02-08T13:09:34","date_gmt":"2019-02-08T13:09:34","guid":{"rendered":"http:\/\/benesch.co\/?page_id=98"},"modified":"2024-11-28T13:24:46","modified_gmt":"2024-11-28T13:24:46","slug":"impressum","status":"publish","type":"page","link":"https:\/\/benesch.co\/de\/impressum\/","title":{"rendered":"Impressum\/Kontakt"},"content":{"rendered":"<p>Betreiberin der Webseite www.benesch.co<\/p>\n<p><strong>Firmensitz<\/strong><\/p>\n<p>Ludwigstra\u00dfe 173<br \/>\n86899 Landsberg am Lech<br \/>\nTelefon +49 8191 5380<br \/>\nTelefax +49 8191 59737<\/p>\n<p>Gesch\u00e4ftsf\u00fchrer:<br \/>\nRosemarie Benesch<\/p>\n<p>URL<br \/>\n<a href=\"http:\/\/www.benesch.co\/\">www.benesch.co<\/a><\/p>\n<p>EMAIL<br \/>\n<a href=\"mailto:info@benesch.co\">info@benesch.co<\/a><\/p>\n<p>Handelregister<br \/>\nAmtsgericht Augsburg<\/p>\n<p>Ust.-IdNr.<br \/>\nDE 128810107<\/p>\n<h3>Urheberrecht \/ Verwertungsrechte<\/h3>\n<p>Die Ver\u00f6ffentlichungen auf diesen Seiten unterliegen dem deutschen Urheberrecht. Beitr\u00e4ge Dritter sind als solche gekennzeichnet. Vervielf\u00e4ltigung, Bearbeitung und jede Art der Verwertung au\u00dferhalb der Grenzen des Urheberrechtes bed\u00fcrfen der Zustimmung von Rosemarie Benesch oder des jeweiligen Verfassers. Downloads und Kopien dieser Seiten sind nur f\u00fcr den privaten, nicht kommerziellen Gebrauch gestattet. Sollten Sie Inhalte unserer Seiten oder Teile \u00fcbernehmen wollen, setzen Sie sich bitte mit uns in Verbindung.<\/p>\n<h3>Haftung f\u00fcr Links<\/h3>\n<p>Die aufgef\u00fchrten externen Links f\u00fchren zu Inhalten fremder Anbieter. F\u00fcr diese Inhalte ist allein der jeweilige Anbieter verantwortlich. Bei Bekanntwerden von Rechtsverletzungen werden diese Links umgehend entfernt.<\/p>\n<h3>Erkl\u00e4rungen zum Datenschutz<\/h3>\n<p>Sehr geehrte Kunden, sehr geehrte Besucher unserer Webseite,<\/p>\n<p>der Schutz Ihrer Daten, Ihrer Pers\u00f6nlichkeitsrechte sowie die Beachtung Ihres Rechts auf informationelle Selbstbestimmung bei der Erhebung, Verarbeitung und Nutzung Ihrer pers\u00f6nlichen Daten ist uns ein wichtiges Anliegen. Unsere Datenschutzpraxis steht im Einklang mit dem Bundesdatenschutzgesetz (BDSG) sowie dem Telemediengesetz (TMG).<\/p>\n<h3>Erhebung und Verwendung Ihrer Daten<\/h3>\n<p>Wir erhalten lediglich die pers\u00f6nlichen Daten von Ihnen, die Sie f\u00fcr die Newsletter-Bestellung eingeben. Deren Weitergabe ist an unberechtigte Dritte au\u00dferhalb der Firma Benesch grunds\u00e4tzlich ausgeschlossen. Dar\u00fcber hinausgehende Informationen werden von uns nicht gespeichert. Den Newsletter k\u00f6nnen Sie jederzeit abbetellen.<\/p>\n<h3>Ihr Auskunftsrecht<\/h3>\n<p>Sie sind berechtigt, eine unentgeltliche schriftliche Auskunft dar\u00fcber zu verlangen, welche personenbezogenen Daten die Firma Benesch \u00fcber Sie gespeichert hat. Nach der Auskunftserteilung etwaige notwendige Berichtigungen, Sperrungen oder L\u00f6schungen werden wir \u2013 sofern gesetzlich vorgesehen \u2013 unverz\u00fcglich vornehmen. F\u00fcr Fragen zum Thema Datenschutz schreiben Sie uns bitte \u00fcber unser Kontaktformular an.<\/p>\n<h3>Betrieblicher Datenschutz<\/h3>\n<p>Alle unsere Mitarbeiter sind schriftlich dazu verpflichtet worden, die einschl\u00e4gigen Vorschriften und Richtlinien zu Datenschutz und Datensicherheit einzuhalten sowie das Datengeheimnis zu sch\u00fctzen.<\/p>\n<p>Landsberg, 01.09.2010<br \/>\nRosemarie Benesch<\/p>\n<p><strong>Website, Design, Copy, Photography and Programming<br \/>\n<\/strong>artdirection4u ADVERTISING GMBH<br \/>\nM\u00fcnchner Stra\u00dfe 44<br \/>\n6330 Kufstein &#8211; Austria<br \/>\ntel. +43 5372 22435<br \/>\n<a href=\"https:\/\/www.artdirection4u.com\">www.artdirection4u.com<\/a><\/p>\n","protected":false},"excerpt":{"rendered":"<p>Betreiberin der Webseite www.benesch.co Firmensitz Ludwigstra\u00dfe 173 86899 Landsberg am Lech Telefon +49 8191 5380 Telefax +49 8191 59737 Gesch\u00e4ftsf\u00fchrer: Rosemarie Benesch URL www.benesch.co EMAIL info@benesch.co Handelregister Amtsgericht Augsburg Ust.-IdNr. DE 128810107 Urheberrecht \/ Verwertungsrechte Die Ver\u00f6ffentlichungen auf diesen Seiten unterliegen dem deutschen Urheberrecht. Beitr\u00e4ge Dritter sind als solche gekennzeichnet. Vervielf\u00e4ltigung, Bearbeitung und jede Art [&hellip;]<\/p>\n","protected":false},"author":3,"featured_media":0,"parent":0,"menu_order":0,"comment_status":"closed","ping_status":"closed","template":"","meta":{"_acf_changed":false,"footnotes":""},"acf":[],"_links":{"self":[{"href":"https:\/\/benesch.co\/de\/wp-json\/wp\/v2\/pages\/98"}],"collection":[{"href":"https:\/\/benesch.co\/de\/wp-json\/wp\/v2\/pages"}],"about":[{"href":"https:\/\/benesch.co\/de\/wp-json\/wp\/v2\/types\/page"}],"author":[{"embeddable":true,"href":"https:\/\/benesch.co\/de\/wp-json\/wp\/v2\/users\/3"}],"replies":[{"embeddable":true,"href":"https:\/\/benesch.co\/de\/wp-json\/wp\/v2\/comments?post=98"}],"version-history":[{"count":5,"href":"https:\/\/benesch.co\/de\/wp-json\/wp\/v2\/pages\/98\/revisions"}],"predecessor-version":[{"id":903,"href":"https:\/\/benesch.co\/de\/wp-json\/wp\/v2\/pages\/98\/revisions\/903"}],"wp:attachment":[{"href":"https:\/\/benesch.co\/de\/wp-json\/wp\/v2\/media?parent=98"}],"curies":[{"name":"wp","href":"https:\/\/api.w.org\/{rel}","templated":true}]}}