{"id":137,"date":"2019-02-08T14:00:01","date_gmt":"2019-02-08T14:00:01","guid":{"rendered":"http:\/\/benesch.co\/?page_id=137"},"modified":"2023-02-21T08:29:06","modified_gmt":"2023-02-21T08:29:06","slug":"home","status":"publish","type":"page","link":"https:\/\/benesch.co\/de\/","title":{"rendered":"Home"},"content":{"rendered":"<p style=\"text-align: center;\"><a href=\"https:\/\/benesch.co\/de\/kontakt\/\">Benesch<\/a>, gegr\u00fcndet 1977, \u00fcberzeugt mit luxuri\u00f6ser Kleidung,<br \/>\nTaschen und Accessoires f\u00fcr <a href=\"https:\/\/benesch.co\/de\/damen\/\">Frauen<\/a> und <a href=\"https:\/\/benesch.co\/de\/maenner\/\">M\u00e4nner<\/a>.<\/p>\n<p style=\"text-align: center;\">Mit au\u00dfergew\u00f6hnlichen <a href=\"https:\/\/benesch.co\/de\/designers\/\">Designstandards<\/a>,<br \/>\nhoher Qualit\u00e4t und Individualit\u00e4t,<br \/>\nist Benesch mit seinen hochkaratigen Designerst\u00fccken ein Juwel unter<br \/>\nden weltweit luxuri\u00f6sesten und elegantesten Multibrandstores.<\/p>\n<p style=\"text-align: center;\"><a href=\"https:\/\/benesch.co\/de\/ueber-uns\/\">MEHR<\/a><\/p>\n<p style=\"text-align: center;\">\n","protected":false},"excerpt":{"rendered":"<p>Benesch, gegr\u00fcndet 1977, \u00fcberzeugt mit luxuri\u00f6ser Kleidung, Taschen und Accessoires f\u00fcr Frauen und M\u00e4nner. Mit au\u00dfergew\u00f6hnlichen Designstandards, hoher Qualit\u00e4t und Individualit\u00e4t, ist Benesch mit seinen hochkaratigen Designerst\u00fccken ein Juwel unter den weltweit luxuri\u00f6sesten und elegantesten Multibrandstores. MEHR<\/p>\n","protected":false},"author":3,"featured_media":0,"parent":0,"menu_order":0,"comment_status":"closed","ping_status":"closed","template":"template-home.php","meta":{"_acf_changed":false,"footnotes":""},"acf":[],"_links":{"self":[{"href":"https:\/\/benesch.co\/de\/wp-json\/wp\/v2\/pages\/137"}],"collection":[{"href":"https:\/\/benesch.co\/de\/wp-json\/wp\/v2\/pages"}],"about":[{"href":"https:\/\/benesch.co\/de\/wp-json\/wp\/v2\/types\/page"}],"author":[{"embeddable":true,"href":"https:\/\/benesch.co\/de\/wp-json\/wp\/v2\/users\/3"}],"replies":[{"embeddable":true,"href":"https:\/\/benesch.co\/de\/wp-json\/wp\/v2\/comments?post=137"}],"version-history":[{"count":13,"href":"https:\/\/benesch.co\/de\/wp-json\/wp\/v2\/pages\/137\/revisions"}],"predecessor-version":[{"id":759,"href":"https:\/\/benesch.co\/de\/wp-json\/wp\/v2\/pages\/137\/revisions\/759"}],"wp:attachment":[{"href":"https:\/\/benesch.co\/de\/wp-json\/wp\/v2\/media?parent=137"}],"curies":[{"name":"wp","href":"https:\/\/api.w.org\/{rel}","templated":true}]}}