{"id":104,"date":"2019-02-08T13:17:25","date_gmt":"2019-02-08T13:17:25","guid":{"rendered":"http:\/\/benesch.co\/?page_id=104"},"modified":"2020-11-25T10:33:39","modified_gmt":"2020-11-25T10:33:39","slug":"ueber-uns","status":"publish","type":"page","link":"https:\/\/benesch.co\/de\/ueber-uns\/","title":{"rendered":"\u00dcber uns"},"content":{"rendered":"<p style=\"text-align: center;\">Benesch, gegr\u00fcndet 1977, \u00fcberzeugt mit luxuri\u00f6ser Kleidung, Taschen und Accessoires f\u00fcr <a href=\"https:\/\/benesch.co\/de\/damen\/\">Frauen<\/a> und <a href=\"https:\/\/benesch.co\/de\/maenner\/\">M\u00e4nner<\/a>. Mit au\u00dfergew\u00f6hnlichen Designstandards, hoher Qualit\u00e4t und Individualit\u00e4t, ist Benesch mit seinen hochkaratigen Designerst\u00fccken ein Juwel unter den weltweit luxuri\u00f6sesten und elegantesten Multibrand Stores.<\/p>\n<p style=\"text-align: center;\">In den letzten Jahren hat Benesch einen unvergleichbaren Ruf f\u00fcr Kreativit\u00e4t, Innovation und urbaner Nonchalance gewonnen. Mit zwei Locations in Augsburg und Landsberg am Lech, ist Benesch zur ultimativen Anlaufstelle f\u00fcr seine herausragenden und einzigartigen Produkte geworden.<\/p>\n<p style=\"text-align: center;\">Bei Benesch funkeln Designerkleidung und Accessoires der beliebtesten Modelabels der Welt in ihrer vollsten Pracht. <a href=\"https:\/\/benesch.co\/de\/kontakt\/\">Benesch<\/a> \u2013 verf\u00fchrerischer Luxus f\u00fcr einen<br \/>\nunwiderstehlichen Lebensstil.<\/p>\n<p><img loading=\"lazy\" decoding=\"async\" class=\"aligncenter size-full wp-image-743\" src=\"https:\/\/benesch.co\/wp-content\/uploads\/2020\/11\/gruppe_neu.jpg\" alt=\"\" width=\"2048\" height=\"1365\" srcset=\"https:\/\/benesch.co\/wp-content\/uploads\/2020\/11\/gruppe_neu.jpg 2048w, https:\/\/benesch.co\/wp-content\/uploads\/2020\/11\/gruppe_neu-300x200.jpg 300w, https:\/\/benesch.co\/wp-content\/uploads\/2020\/11\/gruppe_neu-1024x683.jpg 1024w, https:\/\/benesch.co\/wp-content\/uploads\/2020\/11\/gruppe_neu-768x512.jpg 768w, https:\/\/benesch.co\/wp-content\/uploads\/2020\/11\/gruppe_neu-1536x1024.jpg 1536w, https:\/\/benesch.co\/wp-content\/uploads\/2020\/11\/gruppe_neu-1200x800.jpg 1200w\" sizes=\"(max-width: 2048px) 100vw, 2048px\" \/><\/p>\n","protected":false},"excerpt":{"rendered":"<p>Benesch, gegr\u00fcndet 1977, \u00fcberzeugt mit luxuri\u00f6ser Kleidung, Taschen und Accessoires f\u00fcr Frauen und M\u00e4nner. Mit au\u00dfergew\u00f6hnlichen Designstandards, hoher Qualit\u00e4t und Individualit\u00e4t, ist Benesch mit seinen hochkaratigen Designerst\u00fccken ein Juwel unter den weltweit luxuri\u00f6sesten und elegantesten Multibrand Stores. In den letzten Jahren hat Benesch einen unvergleichbaren Ruf f\u00fcr Kreativit\u00e4t, Innovation und urbaner Nonchalance gewonnen. Mit zwei [&hellip;]<\/p>\n","protected":false},"author":3,"featured_media":0,"parent":0,"menu_order":0,"comment_status":"closed","ping_status":"closed","template":"","meta":{"_acf_changed":false,"footnotes":""},"acf":[],"_links":{"self":[{"href":"https:\/\/benesch.co\/de\/wp-json\/wp\/v2\/pages\/104"}],"collection":[{"href":"https:\/\/benesch.co\/de\/wp-json\/wp\/v2\/pages"}],"about":[{"href":"https:\/\/benesch.co\/de\/wp-json\/wp\/v2\/types\/page"}],"author":[{"embeddable":true,"href":"https:\/\/benesch.co\/de\/wp-json\/wp\/v2\/users\/3"}],"replies":[{"embeddable":true,"href":"https:\/\/benesch.co\/de\/wp-json\/wp\/v2\/comments?post=104"}],"version-history":[{"count":9,"href":"https:\/\/benesch.co\/de\/wp-json\/wp\/v2\/pages\/104\/revisions"}],"predecessor-version":[{"id":751,"href":"https:\/\/benesch.co\/de\/wp-json\/wp\/v2\/pages\/104\/revisions\/751"}],"wp:attachment":[{"href":"https:\/\/benesch.co\/de\/wp-json\/wp\/v2\/media?parent=104"}],"curies":[{"name":"wp","href":"https:\/\/api.w.org\/{rel}","templated":true}]}}